{"id":17,"date":"2017-02-13T18:00:30","date_gmt":"2017-02-13T17:00:30","guid":{"rendered":"http:\/\/cecile-laval.net\/pro\/?page_id=17"},"modified":"2018-10-01T17:54:14","modified_gmt":"2018-10-01T15:54:14","slug":"accueil","status":"publish","type":"page","link":"https:\/\/cecile-laval.net\/pro\/","title":{"rendered":"Bienvenue sur mon site !"},"content":{"rendered":"<p style=\"text-align: center;\"><strong>Le temps file ?<\/strong><br \/>\n<strong>Vous avez un nouveau projet ?<\/strong><br \/>\n<strong>Vous avez plein d&#8217;id\u00e9es ?<\/strong><br \/>\n<strong>Vous ne savez pas quels outils utiliser ?<\/strong><br \/>\n<strong>Vous ne savez pas par quel bout les prendre ?<\/strong><\/p>\n<p>Venez me pr\u00e9senter votre magnifique pelote de laine, que nous d\u00e9filions ensemble chaque bout de ficelles pour r\u00e9organiser votre projet et lui faire prendre la forme dont vous r\u00eavez.<\/p>\n<p class=\"image-credits\">Attribution des images: <a href=\"https:\/\/www.pexels.com\" target=\"_blank\">Pexel<\/a>.<\/p>\n","protected":false},"excerpt":{"rendered":"<p>Le temps file ? Vous avez un nouveau projet ? Vous avez plein d&#8217;id\u00e9es ? Vous ne savez pas quels outils utiliser ? Vous ne savez pas par quel bout les prendre ? Venez me pr\u00e9senter votre magnifique pelote de laine, que nous d\u00e9filions ensemble chaque bout de ficelles pour r\u00e9organiser votre projet et lui &hellip; <\/p>\n<p class=\"link-more\"><a href=\"https:\/\/cecile-laval.net\/pro\/\" class=\"more-link\">Continuer la lecture<span class=\"screen-reader-text\"> de &laquo;&nbsp;Bienvenue sur mon site !&nbsp;&raquo;<\/span><\/a><\/p>\n","protected":false},"author":1,"featured_media":115,"parent":0,"menu_order":0,"comment_status":"closed","ping_status":"closed","template":"","meta":[],"_links":{"self":[{"href":"https:\/\/cecile-laval.net\/pro\/wp-json\/wp\/v2\/pages\/17"}],"collection":[{"href":"https:\/\/cecile-laval.net\/pro\/wp-json\/wp\/v2\/pages"}],"about":[{"href":"https:\/\/cecile-laval.net\/pro\/wp-json\/wp\/v2\/types\/page"}],"author":[{"embeddable":true,"href":"https:\/\/cecile-laval.net\/pro\/wp-json\/wp\/v2\/users\/1"}],"replies":[{"embeddable":true,"href":"https:\/\/cecile-laval.net\/pro\/wp-json\/wp\/v2\/comments?post=17"}],"version-history":[{"count":9,"href":"https:\/\/cecile-laval.net\/pro\/wp-json\/wp\/v2\/pages\/17\/revisions"}],"predecessor-version":[{"id":179,"href":"https:\/\/cecile-laval.net\/pro\/wp-json\/wp\/v2\/pages\/17\/revisions\/179"}],"wp:featuredmedia":[{"embeddable":true,"href":"https:\/\/cecile-laval.net\/pro\/wp-json\/wp\/v2\/media\/115"}],"wp:attachment":[{"href":"https:\/\/cecile-laval.net\/pro\/wp-json\/wp\/v2\/media?parent=17"}],"curies":[{"name":"wp","href":"https:\/\/api.w.org\/{rel}","templated":true}]}}