{"id":18,"date":"2017-02-13T18:00:30","date_gmt":"2017-02-13T17:00:30","guid":{"rendered":"http:\/\/cecile-laval.net\/pro\/?page_id=18"},"modified":"2017-10-19T19:36:17","modified_gmt":"2017-10-19T17:36:17","slug":"a-propos-de","status":"publish","type":"page","link":"https:\/\/cecile-laval.net\/pro\/a-propos-de\/","title":{"rendered":"\u00c0 propos de"},"content":{"rendered":"<h2>C\u00e9cile Tamara Laval<\/h2>\n<p><img decoding=\"async\" loading=\"lazy\" class=\"alignleft size-medium wp-image-89\" src=\"http:\/\/cecile-laval.net\/pro\/wp-content\/uploads\/2017\/02\/Profil_Cecile-Laval-280x300.jpg\" alt=\"\" width=\"280\" height=\"300\" \/><\/p>\n<p style=\"text-align: justify;\">Une curieuse qui aime r\u00e9soudre des probl\u00e8mes, qui aime accompagner son entourage \u00e0 y voir plus clair et \u00e0 se simplifier la vie&#8230; Qui aime trouver ou d\u00e9velopper de nouveaux outils, qui aime se former et apprendre toujours plus, d\u00e9couvrir de nouveaux horizons, c\u00f4toyer de nouveaux m\u00e9tiers, s&#8217;enrichir de ces cultures&#8230; Qui aime mettre les gens en relation, les aider \u00e0 communiquer entre eux et vers l&#8217;ext\u00e9rieur, parler de leurs m\u00e9tiers de leurs comp\u00e9tences, les valoriser&#8230;<\/p>\n<p>Une &#8220;<strong>facil&#8217;actrice<\/strong>&#8221; , une &#8220;<strong>interface<\/strong>&#8221; en somme&#8230;<\/p>\n<h2>Mes carburants ?<\/h2>\n<div class=\"column-group columns-3\"><br \/>\n<div class=\"column column-number-1 column-span-1\"><p><img decoding=\"async\" loading=\"lazy\" class=\"alignleft size-thumbnail wp-image-98\" src=\"http:\/\/cecile-laval.net\/pro\/wp-content\/uploads\/2017\/02\/candy-1961536_1920-150x150.jpg\" alt=\"\" width=\"150\" height=\"150\" srcset=\"https:\/\/cecile-laval.net\/pro\/wp-content\/uploads\/2017\/02\/candy-1961536_1920-150x150.jpg 150w, https:\/\/cecile-laval.net\/pro\/wp-content\/uploads\/2017\/02\/candy-1961536_1920-100x100.jpg 100w\" sizes=\"(max-width: 150px) 100vw, 150px\" \/><\/p>\n<\/div><br \/>\n<div class=\"column column-number-2 column-span-1\"><p>Communiquer,<br \/>\nInformer,<br \/>\nExpliquer,<br \/>\nFaciliter,<br \/>\nImpliquer,<\/p>\n<\/div><br \/>\n<div class=\"column column-number-3 last column-span-1\"><p>\nPartager,<br \/>\nMutualiser,<br \/>\nCr\u00e9er des partenariats&#8230;<\/p>\n<\/div><br \/>\n<\/div>\n<h2>Mes formateurs ?<\/h2>\n<div class=\"column-group columns-3\"><br \/>\n<div class=\"column column-number-1 column-span-1\"><p><a href=\"http:\/\/www.u-psud.fr\" target=\"_blank\" rel=\"noopener noreferrer\"><img decoding=\"async\" loading=\"lazy\" class=\"alignleft wp-image-91\" src=\"http:\/\/cecile-laval.net\/pro\/wp-content\/uploads\/2017\/02\/2002_Logo_FORMATION-UPSUD.png\" alt=\"Logo Universit\u00e9 Paris Sud\" width=\"137\" height=\"80\" \/><\/a><\/p>\n<\/div><br \/>\n<div class=\"column column-number-2 column-span-1\"><p><a href=\"http:\/\/www.epf.fr\/\" target=\"_blank\" rel=\"noopener noreferrer\"><img decoding=\"async\" loading=\"lazy\" class=\"alignleft wp-image-93\" src=\"http:\/\/cecile-laval.net\/pro\/wp-content\/uploads\/2017\/02\/2005_logo-FORMATION-epf-300x100.jpg\" alt=\"Logo EPF\" width=\"137\" height=\"46\" srcset=\"https:\/\/cecile-laval.net\/pro\/wp-content\/uploads\/2017\/02\/2005_logo-FORMATION-epf-300x100.jpg 300w, https:\/\/cecile-laval.net\/pro\/wp-content\/uploads\/2017\/02\/2005_logo-FORMATION-epf.jpg 591w\" sizes=\"(max-width: 137px) 100vw, 137px\" \/><\/a><\/p>\n<\/div><br \/>\n<div class=\"column column-number-3 last column-span-1\"><p><a href=\"http:\/\/www.sciencespo-rennes.fr\/fr\/\" target=\"_blank\" rel=\"noopener noreferrer\"><img decoding=\"async\" loading=\"lazy\" class=\"alignleft wp-image-92\" src=\"http:\/\/cecile-laval.net\/pro\/wp-content\/uploads\/2017\/02\/2014_Logo-FORMATION-Sciences-Po-Rennes.png\" alt=\"\" width=\"137\" height=\"44\" \/><\/a><\/p>\n<\/div><br \/>\n<\/div>\n<p class=\"image-credits\">Attribution des images: <a href=\"https:\/\/fr.linkedin.com\/in\/mariecfeldman\" target=\"_blank\">Marie-Cl\u00e9mence Feldman<\/a>.<\/p>\n","protected":false},"excerpt":{"rendered":"<p>C\u00e9cile Tamara Laval Une curieuse qui aime r\u00e9soudre des probl\u00e8mes, qui aime accompagner son entourage \u00e0 y voir plus clair et \u00e0 se simplifier la vie&#8230; Qui aime trouver ou d\u00e9velopper de nouveaux outils, qui aime se former et apprendre toujours plus, d\u00e9couvrir de nouveaux horizons, c\u00f4toyer de nouveaux m\u00e9tiers, s&#8217;enrichir de ces cultures&#8230; Qui &hellip; <\/p>\n<p class=\"link-more\"><a href=\"https:\/\/cecile-laval.net\/pro\/a-propos-de\/\" class=\"more-link\">Continuer la lecture<span class=\"screen-reader-text\"> de &laquo;&nbsp;\u00c0 propos de&nbsp;&raquo;<\/span><\/a><\/p>\n","protected":false},"author":1,"featured_media":98,"parent":0,"menu_order":0,"comment_status":"closed","ping_status":"closed","template":"","meta":[],"_links":{"self":[{"href":"https:\/\/cecile-laval.net\/pro\/wp-json\/wp\/v2\/pages\/18"}],"collection":[{"href":"https:\/\/cecile-laval.net\/pro\/wp-json\/wp\/v2\/pages"}],"about":[{"href":"https:\/\/cecile-laval.net\/pro\/wp-json\/wp\/v2\/types\/page"}],"author":[{"embeddable":true,"href":"https:\/\/cecile-laval.net\/pro\/wp-json\/wp\/v2\/users\/1"}],"replies":[{"embeddable":true,"href":"https:\/\/cecile-laval.net\/pro\/wp-json\/wp\/v2\/comments?post=18"}],"version-history":[{"count":9,"href":"https:\/\/cecile-laval.net\/pro\/wp-json\/wp\/v2\/pages\/18\/revisions"}],"predecessor-version":[{"id":90,"href":"https:\/\/cecile-laval.net\/pro\/wp-json\/wp\/v2\/pages\/18\/revisions\/90"}],"wp:featuredmedia":[{"embeddable":true,"href":"https:\/\/cecile-laval.net\/pro\/wp-json\/wp\/v2\/media\/98"}],"wp:attachment":[{"href":"https:\/\/cecile-laval.net\/pro\/wp-json\/wp\/v2\/media?parent=18"}],"curies":[{"name":"wp","href":"https:\/\/api.w.org\/{rel}","templated":true}]}}